{"id":3,"date":"2021-11-05T11:15:17","date_gmt":"2021-11-05T11:15:17","guid":{"rendered":"http:\/\/salinas.puertoreal.es\/?page_id=3"},"modified":"2025-09-23T07:28:48","modified_gmt":"2025-09-23T07:28:48","slug":"politica-privacidad","status":"publish","type":"page","link":"https:\/\/puertoreal.es\/webs\/salinas\/politica-privacidad\/","title":{"rendered":"Pol\u00edtica de privacidad"},"content":{"rendered":"\t\t<div data-elementor-type=\"wp-page\" data-elementor-id=\"3\" class=\"elementor elementor-3\">\n\t\t\t\t\t\t<section class=\"elementor-section elementor-top-section elementor-element elementor-element-730d91af elementor-section-boxed elementor-section-height-default elementor-section-height-default\" data-id=\"730d91af\" data-element_type=\"section\" data-e-type=\"section\">\n\t\t\t\t\t\t<div class=\"elementor-container elementor-column-gap-default\">\n\t\t\t\t\t<div class=\"elementor-column elementor-col-100 elementor-top-column elementor-element elementor-element-4f128511\" data-id=\"4f128511\" data-element_type=\"column\" data-e-type=\"column\">\n\t\t\t<div class=\"elementor-widget-wrap elementor-element-populated\">\n\t\t\t\t\t\t<div class=\"elementor-element elementor-element-a4f0128 elementor-widget elementor-widget-text-editor\" data-id=\"a4f0128\" data-element_type=\"widget\" data-e-type=\"widget\" data-widget_type=\"text-editor.default\">\n\t\t\t\t<div class=\"elementor-widget-container\">\n\t\t\t\t\t\t\t\t\t\n<p>Mediante este aviso el Ayuntamiento de Puerto Real con domicilio social en Plaza Poeta Rafael Alberti, 1, CP: 11510, Puerto Real, C\u00e1diz, y correo dpd@puertoreal.es, informa a los usuarios de su portal acerca de su pol\u00edtica de protecci\u00f3n de datos de car\u00e1cter personal para que los Usuarios determinen libre y voluntariamente si desean facilitar al Ayuntamiento de Puerto Real los Datos Personales que se les puedan requerir o que se puedan obtener de los Usuarios con ocasi\u00f3n de la suscripci\u00f3n o alta en algunos de los servicios ofrecidos por el Ayuntamiento de Puerto Real.<\/p>\n\n<p>El Ayuntamiento de Puerto Real se reserva el derecho a modificar la presente pol\u00edtica para adaptarla a novedades legislativas o jurisprudenciales, as\u00ed como a pr\u00e1cticas de la industria. En dichos supuestos, el Ayuntamiento de Puerto Real anunciar\u00e1 en esta p\u00e1gina los cambios introducidos con razonable antelaci\u00f3n a su puesta en pr\u00e1ctica.<\/p>\n\n<p>El Ayuntamiento de Puerto Real proporciona a los usuarios los recursos t\u00e9cnicos adecuados para que, con car\u00e1cter previo, puedan acceder a este aviso sobre la Pol\u00edtica de Privacidad o a cualquier otra informaci\u00f3n relevante y puedan prestar su consentimiento a fin de que Ayuntamiento de Puerto Real proceda al tratamiento automatizado de sus Datos Personales. Salvo en los campos en que se indique lo contrario, las respuestas a las preguntas sobre Datos Personales son voluntarias, sin que la falta de contestaci\u00f3n implique una merma en la calidad o cantidad de los servicios correspondientes, a menos que se indique otra cosa. Los campos obligatorios se indicar\u00e1n mediante un (*). El Usuario se compromete a proporcionar informaci\u00f3n real en relaci\u00f3n con sus datos personales.<\/p>\n\n<p><strong>INFORMACI\u00d3N SOBRE PROTECCI\u00d3N DE DATOS<\/strong><br \/>Los datos de car\u00e1cter personal que se pudieran recabar directamente del interesado ser\u00e1n tratados de forma confidencial y quedar\u00e1n incorporados a la correspondiente actividad de tratamiento titularidad del Ayuntamiento de Puerto Real.<\/p>\n\n<ol class=\"wp-block-list\">\n<li><strong>Responsable del Tratamiento<\/strong><\/li>\n<\/ol>\n\n<p><strong>Ayuntamiento de Puerto Real<\/strong><br \/>CIF:\u00a0<strong>P11002800H<\/strong><br \/>Direcci\u00f3n:\u00a0<strong>Plaza Poeta Rafael Alberti, 1, CP: 11510, Puerto Real, C\u00e1diz<\/strong><br \/>Contacto del Delegado de Protecci\u00f3n de Datos:<strong>\u00a0dpd@puertoreal.es<\/strong><\/p>\n\n<p>La relaci\u00f3n actualizada de las actividades de tratamiento que el Ayuntamiento de Puerto Real lleva a cabo se encuentra disponible en el Registro de Actividades del Tratamiento<\/p>\n\n<ol class=\"wp-block-list\" start=\"2\">\n<li><strong>Compromiso con la Privacidad<\/strong><\/li>\n<\/ol>\n\n<p>El responsable del tratamiento de datos garantiza el cumplimiento de la normativa sobre protecci\u00f3n de datos personales, asegurando la confidencialidad y seguridad de la informaci\u00f3n de los usuarios. Solo se podr\u00e1n proporcionar en el sitio web datos personales propios, quedando prohibido el uso de informaci\u00f3n de terceros sin su consentimiento expreso.<\/p>\n\n<ol class=\"wp-block-list\" start=\"3\">\n<li><strong>Finalidad<\/strong><\/li>\n<\/ol>\n\n<p>La finalidad del tratamiento de los datos corresponde a cada una de las actividades de tratamiento que realiza el Ayuntamiento de Puerto Real y que est\u00e1n accesibles en el Registro de Actividades del Tratamiento<\/p>\n\n<ol class=\"wp-block-list\" start=\"4\">\n<li><strong>Legitimaci\u00f3n<\/strong><\/li>\n<\/ol>\n\n<p>El tratamiento de sus datos se realiza en base al cumplimiento de obligaciones legales por parte del Ayuntamiento de Puerto Real, cumplimiento de misiones realizadas en inter\u00e9s p\u00fablico o en el ejercicio de poderes p\u00fablicos, as\u00ed como cuando la finalidad del tratamiento requiera su consentimiento, que se recoger\u00e1 mediante una clara acci\u00f3n afirmativa. Puede consultar la base legal para cada una de las actividades de tratamiento en el\u00a0<strong>Registro de Actividades del Tratamiento<\/strong><\/p>\n\n<ol class=\"wp-block-list\" start=\"5\">\n<li><strong>Conservaci\u00f3n de datos<\/strong><\/li>\n<\/ol>\n\n<p>Los datos personales proporcionados se conservar\u00e1n durante el tiempo necesario para cumplir con la finalidad para la que se recaban y para determinar las posibles responsabilidades que se pudieran derivar de la finalidad, adem\u00e1s de los per\u00edodos establecidos en la normativa de archivos y documentaci\u00f3n.<\/p>\n\n<ol class=\"wp-block-list\" start=\"6\">\n<li><strong>Comunicaci\u00f3n de datos<\/strong><\/li>\n<\/ol>\n\n<p>No se comunicar\u00e1n los datos personales a terceros, salvo obligaci\u00f3n legal ni se realizar\u00e1 transferencia internacional de datos. Puede consultar los destinatarios para cada una de las actividades de tratamiento que lleva a cabo la Entidad en el\u00a0<strong>Registro de Actividades del Tratamiento<\/strong><\/p>\n\n<ol class=\"wp-block-list\" start=\"7\">\n<li><strong>Derechos<\/strong><\/li>\n<\/ol>\n\n<p>Las personas interesadas tienen derecho a obtener confirmaci\u00f3n sobre si estamos tratando datos personales que les conciernan, o no.<br \/>Las personas interesadas tienen derecho a\u00a0<strong>acceder\u00a0<\/strong>a sus datos personales, as\u00ed como a solicitar la\u00a0<strong>rectificaci\u00f3n\u00a0<\/strong>de los datos inexactos o, en su caso, solicitar su supresi\u00f3n cuando, entre otros motivos, los datos ya no sean necesarios para los fines que fueron recogidos.<br \/>Las personas interesadas tienen derecho a\u00a0<strong>revocar\u00a0<\/strong>o retirar el\u00a0<strong>consentimiento\u00a0<\/strong>otorgado para el tratamiento de sus datos para finalidades espec\u00edficas en cualquier momento.<br \/>En determinadas circunstancias y por motivos relacionados con su situaci\u00f3n particular, las personas interesadas podr\u00e1n oponerse al tratamiento de sus datos o a parte de estos, en cuyo caso dejaremos de tratar los datos, salvo para el cumplimiento de alguna obligaci\u00f3n legal.<br \/>En determinadas circunstancias, las personas interesadas podr\u00e1n solicitar la limitaci\u00f3n del tratamiento de sus datos, en cuyo caso \u00fanicamente los conservaremos para el ejercicio o la defensa de reclamaciones y para el cumplimiento de alguna obligaci\u00f3n legal.<br \/>En determinadas circunstancias (cuando el tratamiento se realice por medios automatizados y este se base en el consentimiento de las personas interesadas), las personas interesadas podr\u00e1n solicitar la portabilidad de sus datos para que estos sean transmitidos a otro responsable.<br \/>Las personas interesadas pueden ejercer sus derechos dirigiendo un escrito al Responsable del Tratamiento pudiendo obtener modelos para este ejercicio en mismo email. Las personas interesadas disponen de la posibilidad de presentar una reclamaci\u00f3n cuando no hayan obtenido satisfacci\u00f3n en el ejercicio de sus derechos ante la Agencia Espa\u00f1ola de Protecci\u00f3n de Datos (www.agpd.es). As\u00ed mismo, las personas interesadas pueden obtener informaci\u00f3n adicional acerca de sus derechos dirigi\u00e9ndose a la Agencia Espa\u00f1ola de Protecci\u00f3n de Datos (<a href=\"https:\/\/www.aepd.es\/\">www.agpd.es<\/a>).<\/p>\n\n<ol class=\"wp-block-list\" start=\"8\">\n<li><strong>Medidas de seguridad<\/strong><\/li>\n<\/ol>\n\n<p>El responsable del tratamiento garantiza que se han adoptado todas las medidas t\u00e9cnicas y organizativas necesarias, habida cuenta del estado de la t\u00e9cnica, para tratar de asegurar la confidencialidad de los datos personales de los usuarios, habida cuenta de que en un medio como internet es imposible garantizar la seguridad absoluta.<\/p>\n\t\t\t\t\t\t\t\t<\/div>\n\t\t\t\t<\/div>\n\t\t\t\t\t<\/div>\n\t\t<\/div>\n\t\t\t\t\t<\/div>\n\t\t<\/section>\n\t\t\t\t<\/div>\n\t\t","protected":false},"excerpt":{"rendered":"<p>Mediante este aviso el Ayuntamiento de Puerto Real con domicilio social en Plaza Poeta Rafael Alberti, 1, CP: 11510, Puerto Real, C\u00e1diz, y correo dpd@puertoreal.es, informa a los usuarios de su portal acerca de su pol\u00edtica de protecci\u00f3n de datos de car\u00e1cter personal para que los Usuarios determinen libre y voluntariamente si desean facilitar al [&hellip;]<\/p>\n","protected":false},"author":1,"featured_media":0,"parent":0,"menu_order":0,"comment_status":"closed","ping_status":"open","template":"","meta":{"site-sidebar-layout":"default","site-content-layout":"","ast-site-content-layout":"default","site-content-style":"default","site-sidebar-style":"default","ast-global-header-display":"","ast-banner-title-visibility":"","ast-main-header-display":"","ast-hfb-above-header-display":"","ast-hfb-below-header-display":"","ast-hfb-mobile-header-display":"","site-post-title":"","ast-breadcrumbs-content":"","ast-featured-img":"","footer-sml-layout":"","ast-disable-related-posts":"","theme-transparent-header-meta":"","adv-header-id-meta":"","stick-header-meta":"","header-above-stick-meta":"","header-main-stick-meta":"","header-below-stick-meta":"","astra-migrate-meta-layouts":"set","ast-page-background-enabled":"default","ast-page-background-meta":{"desktop":{"background-color":"var(--ast-global-color-4)","background-image":"","background-repeat":"repeat","background-position":"center center","background-size":"auto","background-attachment":"scroll","background-type":"","background-media":"","overlay-type":"","overlay-color":"","overlay-opacity":"","overlay-gradient":""},"tablet":{"background-color":"","background-image":"","background-repeat":"repeat","background-position":"center center","background-size":"auto","background-attachment":"scroll","background-type":"","background-media":"","overlay-type":"","overlay-color":"","overlay-opacity":"","overlay-gradient":""},"mobile":{"background-color":"","background-image":"","background-repeat":"repeat","background-position":"center center","background-size":"auto","background-attachment":"scroll","background-type":"","background-media":"","overlay-type":"","overlay-color":"","overlay-opacity":"","overlay-gradient":""}},"ast-content-background-meta":{"desktop":{"background-color":"var(--ast-global-color-5)","background-image":"","background-repeat":"repeat","background-position":"center center","background-size":"auto","background-attachment":"scroll","background-type":"","background-media":"","overlay-type":"","overlay-color":"","overlay-opacity":"","overlay-gradient":""},"tablet":{"background-color":"var(--ast-global-color-5)","background-image":"","background-repeat":"repeat","background-position":"center center","background-size":"auto","background-attachment":"scroll","background-type":"","background-media":"","overlay-type":"","overlay-color":"","overlay-opacity":"","overlay-gradient":""},"mobile":{"background-color":"var(--ast-global-color-5)","background-image":"","background-repeat":"repeat","background-position":"center center","background-size":"auto","background-attachment":"scroll","background-type":"","background-media":"","overlay-type":"","overlay-color":"","overlay-opacity":"","overlay-gradient":""}},"footnotes":""},"class_list":["post-3","page","type-page","status-publish","hentry"],"_links":{"self":[{"href":"https:\/\/puertoreal.es\/webs\/salinas\/wp-json\/wp\/v2\/pages\/3","targetHints":{"allow":["GET"]}}],"collection":[{"href":"https:\/\/puertoreal.es\/webs\/salinas\/wp-json\/wp\/v2\/pages"}],"about":[{"href":"https:\/\/puertoreal.es\/webs\/salinas\/wp-json\/wp\/v2\/types\/page"}],"author":[{"embeddable":true,"href":"https:\/\/puertoreal.es\/webs\/salinas\/wp-json\/wp\/v2\/users\/1"}],"replies":[{"embeddable":true,"href":"https:\/\/puertoreal.es\/webs\/salinas\/wp-json\/wp\/v2\/comments?post=3"}],"version-history":[{"count":4,"href":"https:\/\/puertoreal.es\/webs\/salinas\/wp-json\/wp\/v2\/pages\/3\/revisions"}],"predecessor-version":[{"id":668,"href":"https:\/\/puertoreal.es\/webs\/salinas\/wp-json\/wp\/v2\/pages\/3\/revisions\/668"}],"wp:attachment":[{"href":"https:\/\/puertoreal.es\/webs\/salinas\/wp-json\/wp\/v2\/media?parent=3"}],"curies":[{"name":"wp","href":"https:\/\/api.w.org\/{rel}","templated":true}]}}