{"id":810,"date":"2025-09-23T07:38:29","date_gmt":"2025-09-23T07:38:29","guid":{"rendered":"https:\/\/puertoreal.es\/webs\/edificiosyportadas\/?page_id=810"},"modified":"2025-09-23T07:38:29","modified_gmt":"2025-09-23T07:38:29","slug":"politica-de-cookies","status":"publish","type":"page","link":"https:\/\/puertoreal.es\/webs\/edificiosyportadas\/index.php\/politica-de-cookies\/","title":{"rendered":"Pol\u00edtica de Cookies"},"content":{"rendered":"\n<p>En su primera visita a la p\u00e1gina web le advertimos del uso de cookies y le ofrecimos la opci\u00f3n de aceptarlas, rechazarlas o configurarlas. No obstante, en cualquier momento puede modificar dicha configuraci\u00f3n y gestionar de nuevo las cookies.<\/p>\n\n\n\n<p><strong>\u00bfQU\u00c9 ES UNA COOKIE?<\/strong><br>Una cookie es un peque\u00f1o archivo de texto que se env\u00eda al navegador de la persona usuaria y que se almacena en su dispositivo (ordenador, tel\u00e9fono, tablet\u2026). Existen distintos tipos de cookies, seg\u00fan la entidad que las gestiona (propias o de terceros), su duraci\u00f3n (persistentes o de sesi\u00f3n) o su finalidad (t\u00e9cnica, de an\u00e1lisis, de personalizaci\u00f3n, de reproductor multimedia\u2026).<\/p>\n\n\n\n<p><strong>\u00bfQU\u00c9 TIPOS DE COOKIES EXISTEN?<\/strong><br>Las cookies, en funci\u00f3n de la entidad que las gestione:<\/p>\n\n\n\n<ul class=\"wp-block-list\">\n<li><strong>Cookies propias<\/strong>: gestionadas por el dominio al que el usuario accede y del que solicita un determinado servicio (en este caso los dominios titularidad de la web).<\/li>\n\n\n\n<li><strong>Cookies de tercero<\/strong>: enviadas al equipo terminal del usuario desde un dominio o equipo diferente al que se accede.<\/li>\n<\/ul>\n\n\n\n<p>Las cookies, en funci\u00f3n de la finalidad:<\/p>\n\n\n\n<ul class=\"wp-block-list\">\n<li>Cookies t\u00e9cnicas: permiten al usuario la navegaci\u00f3n a trav\u00e9s de una p\u00e1gina web, plataforma o aplicaci\u00f3n y la utilizaci\u00f3n de las diferentes opciones o servicios que en ella existan, incluyendo aquellas que el editor utiliza para permitir la gesti\u00f3n y operativa de la p\u00e1gina web y habilitar sus funciones y servicios. Por ejemplo, controlar el tr\u00e1fico y la comunicaci\u00f3n de datos, identificar la sesi\u00f3n, acceder a partes de acceso restringido, controlar el fraude vinculado a la seguridad del servicio, realizar la solicitud de inscripci\u00f3n o participaci\u00f3n en un evento, utilizar elementos de seguridad durante la navegaci\u00f3n, almacenar contenidos para la difusi\u00f3n de v\u00eddeos o sonido, habilitar contenidos din\u00e1micos (por ejemplo, animaci\u00f3n de carga de un texto o imagen) o compartir contenidos a trav\u00e9s de redes sociales.<\/li>\n\n\n\n<li>Cookies de preferencias o personalizaci\u00f3n: permiten recordar informaci\u00f3n para que el usuario acceda al servicio con determinadas caracter\u00edsticas (por ejemplo, el idioma).<\/li>\n\n\n\n<li>Cookies de an\u00e1lisis o medici\u00f3n: este tipo de cookies se utiliza en la medici\u00f3n de la actividad de los sitios web, aplicaci\u00f3n o plataforma, con el fin de introducir mejoras en funci\u00f3n del an\u00e1lisis de los datos de uso que hacen los usuarios del servicio.<\/li>\n\n\n\n<li>Cookies de publicidad comportamental: almacenan informaci\u00f3n del comportamiento del usuario obtenida a trav\u00e9s de la observaci\u00f3n continuada de sus h\u00e1bitos de navegaci\u00f3n, lo que permite desarrollar un perfil espec\u00edfico para mostrar publicidad.<\/li>\n<\/ul>\n\n\n\n<p>Las cookies seg\u00fan el plazo de tiempo que permanecen activadas:<\/p>\n\n\n\n<ul class=\"wp-block-list\">\n<li>Cookies de sesi\u00f3n: se borrar\u00e1n una vez el usuario abandone la p\u00e1gina web que las gener\u00f3.<\/li>\n\n\n\n<li>Cookies persistentes: los datos siguen almacenados en el terminal y pueden ser accedidos y tratados durante un periodo definido por el responsable.<\/li>\n<\/ul>\n\n\n\n<p><strong>\u00bfQU\u00c9 TIPO DE COOKIES UTILIZAMOS?<\/strong><\/p>\n\n\n\n<ul class=\"wp-block-list\">\n<li>Cookies propias: Son aqu\u00e9llas que se env\u00edan al equipo terminal del Usuario desde un equipo o dominio gestionado por el Titular y desde el que se presta el servicio solicitado por el Usuario.<\/li>\n\n\n\n<li>Cookies funcionales: Son aqu\u00e9llas necesarias para el correcto funcionamiento del Sitio Web.<\/li>\n\n\n\n<li>Cookies de terceros: Son aqu\u00e9llas que se env\u00edan al equipo terminal del Usuario desde un equipo o dominio que no es gestionado por el Titular, sino por otra entidad que trata los datos obtenidos trav\u00e9s de las cookies.<\/li>\n\n\n\n<li>Cookies de sesi\u00f3n: Son un tipo de cookies dise\u00f1adas para recabar y almacenar datos mientras el Usuario accede a un sitio web.<\/li>\n\n\n\n<li>Cookies persistentes: Son un tipo de cookies en el que los datos siguen almacenados en el terminal y pueden ser accedidos y tratados durante un periodo definido por el responsable de la cookie, y que puede ir de unos minutos a varios a\u00f1os.<\/li>\n\n\n\n<li>Cookies de an\u00e1lisis: Son aqu\u00e9llas que bien tratadas por el Titular o por terceros, permiten cuantificar el n\u00famero de Usuarios y as\u00ed realizar la medici\u00f3n y an\u00e1lisis estad\u00edstico de la utilizaci\u00f3n que hacen los Usuarios del servicio ofertado. Para ello se analiza su navegaci\u00f3n con el fin de mejorar la oferta de productos o servicios que se ofrecen.<\/li>\n<\/ul>\n\n\n\n<p><strong>\u00bfC\u00d3MO DESHABILITAR LAS COOKIES?<\/strong><br>En todo momento puede aceptar o rechazar la instalaci\u00f3n de todas las cookies no necesarias, o bien aceptar o rechazar la instalaci\u00f3n de un determinado tipo de cookies, como las cookies de terceros, a trav\u00e9s de la herramienta de gesti\u00f3n de cookies o a trav\u00e9s de su navegador. Adem\u00e1s, despu\u00e9s de cada sesi\u00f3n puede eliminar todas o algunas de las cookies almacenadas.<\/p>\n\n\n\n<p>Asimismo, el usuario puede activar:<\/p>\n\n\n\n<ul class=\"wp-block-list\">\n<li>La navegaci\u00f3n privada, mediante la cual su navegador deja de guardar el historial de navegaci\u00f3n, contrase\u00f1as de sitios web, cookies y otra informaci\u00f3n de las p\u00e1ginas que visita.<\/li>\n\n\n\n<li>La funci\u00f3n de no rastrear, por la que el navegador pide a los sitios web que visita que no rastreen sus h\u00e1bitos de navegaci\u00f3n.<\/li>\n\n\n\n<li>Le recomendamos que consulte la ayuda de su navegador para informarse de las diferentes opciones sobre c\u00f3mo gestionar las cookies. Tenga en cuenta que el bloqueo de cookies puede afectar a todas o algunas de las funcionalidades de nuestra web.<\/li>\n<\/ul>\n\n\n\n<p>Puede informarse de las transferencias de datos a terceros pa\u00edses que, en su caso, realizan los terceros identificados en esta pol\u00edtica de cookies en sus correspondientes pol\u00edticas.<\/p>\n\n\n\n<p>Quedan&nbsp;<strong>exceptuadas&nbsp;<\/strong>de la obligaci\u00f3n de informaci\u00f3n y consentimiento las cookies que tienen por finalidad: (i) Cookies de \u00abentrada del usuario\u00bb; (ii) Cookies de autenticaci\u00f3n o identificaci\u00f3n de usuario (\u00fanicamente de sesi\u00f3n); (iii) Cookies de seguridad del usuario; (iv) Cookies de sesi\u00f3n de reproductor multimedia; (v) Cookies de sesi\u00f3n para equilibrar la carga; (vi) Cookies de personalizaci\u00f3n de la interfaz de usuario; (vii) Cookies de complemento (plug-in) para intercambiar contenidos sociales.<\/p>\n\n\n\n<p>En relaci\u00f3n con el resto de informaci\u00f3n que no se refiera de forma espec\u00edfica a las cookies puede dirigirse a nuestra&nbsp;<strong>Pol\u00edtica de Privacidad o Aviso Legal.<\/strong><\/p>\n\n\n\n<p>Si tiene alguna pregunta o duda acerca de esta Pol\u00edtica de Cookies puede ponerse en contacto con nosotros a trav\u00e9s del siguiente correo: dpd@puertoreal.es.<\/p>\n\n\n\n<p>Puede a su vez consultar c\u00f3mo gestionar sus preferencias de cookies en los navegadores m\u00e1s habituales a trav\u00e9s de los enlaces siguientes:<\/p>\n\n\n\n<p><a href=\"https:\/\/support.microsoft.com\/es-es\/windows\/administrar-cookies-en-microsoft-edge-ver-permitir-bloquear-eliminar-y-usar-168dab11-0753-043d-7c16-ede5947fc64d\">Internet Explorer<\/a><br><a href=\"https:\/\/support.mozilla.org\/es\/kb\/habilitar-y-deshabilitar-cookies-sitios-web-rastrear-preferencias?redirectlocale=es&amp;redirectslug=habilitar-y-deshabilitar-cookies-que-los-sitios-we\">Firefox<\/a><br><a href=\"https:\/\/support.apple.com\/es-es\/guide\/safari\/sfri11471\/mac\">Safari<\/a><br><a href=\"https:\/\/support.google.com\/chrome\/answer\/95647?hl=es\">Google Chrome<\/a><br><a href=\"https:\/\/help.opera.com\/en\/latest\/web-preferences\/\">Opera<\/a><\/p>\n","protected":false},"excerpt":{"rendered":"<p>En su primera visita a la p\u00e1gina web le advertimos del uso de cookies y le ofrecimos la opci\u00f3n de aceptarlas, rechazarlas o configurarlas. No obstante, en cualquier momento puede modificar dicha configuraci\u00f3n y gestionar de nuevo las cookies. \u00bfQU\u00c9 ES UNA COOKIE?Una cookie es un peque\u00f1o archivo de texto que se env\u00eda al navegador [&hellip;]<\/p>\n","protected":false},"author":1,"featured_media":0,"parent":0,"menu_order":0,"comment_status":"closed","ping_status":"closed","template":"","meta":{"site-sidebar-layout":"default","site-content-layout":"","ast-site-content-layout":"default","site-content-style":"default","site-sidebar-style":"default","ast-global-header-display":"","ast-banner-title-visibility":"","ast-main-header-display":"","ast-hfb-above-header-display":"","ast-hfb-below-header-display":"","ast-hfb-mobile-header-display":"","site-post-title":"","ast-breadcrumbs-content":"","ast-featured-img":"","footer-sml-layout":"","ast-disable-related-posts":"","theme-transparent-header-meta":"","adv-header-id-meta":"","stick-header-meta":"","header-above-stick-meta":"","header-main-stick-meta":"","header-below-stick-meta":"","astra-migrate-meta-layouts":"default","ast-page-background-enabled":"default","ast-page-background-meta":{"desktop":{"background-color":"var(--ast-global-color-5)","background-image":"","background-repeat":"repeat","background-position":"center center","background-size":"auto","background-attachment":"scroll","background-type":"","background-media":"","overlay-type":"","overlay-color":"","overlay-opacity":"","overlay-gradient":""},"tablet":{"background-color":"","background-image":"","background-repeat":"repeat","background-position":"center center","background-size":"auto","background-attachment":"scroll","background-type":"","background-media":"","overlay-type":"","overlay-color":"","overlay-opacity":"","overlay-gradient":""},"mobile":{"background-color":"","background-image":"","background-repeat":"repeat","background-position":"center center","background-size":"auto","background-attachment":"scroll","background-type":"","background-media":"","overlay-type":"","overlay-color":"","overlay-opacity":"","overlay-gradient":""}},"ast-content-background-meta":{"desktop":{"background-color":"var(--ast-global-color-4)","background-image":"","background-repeat":"repeat","background-position":"center center","background-size":"auto","background-attachment":"scroll","background-type":"","background-media":"","overlay-type":"","overlay-color":"","overlay-opacity":"","overlay-gradient":""},"tablet":{"background-color":"var(--ast-global-color-4)","background-image":"","background-repeat":"repeat","background-position":"center center","background-size":"auto","background-attachment":"scroll","background-type":"","background-media":"","overlay-type":"","overlay-color":"","overlay-opacity":"","overlay-gradient":""},"mobile":{"background-color":"var(--ast-global-color-4)","background-image":"","background-repeat":"repeat","background-position":"center center","background-size":"auto","background-attachment":"scroll","background-type":"","background-media":"","overlay-type":"","overlay-color":"","overlay-opacity":"","overlay-gradient":""}},"footnotes":""},"class_list":["post-810","page","type-page","status-publish","hentry"],"_links":{"self":[{"href":"https:\/\/puertoreal.es\/webs\/edificiosyportadas\/index.php\/wp-json\/wp\/v2\/pages\/810","targetHints":{"allow":["GET"]}}],"collection":[{"href":"https:\/\/puertoreal.es\/webs\/edificiosyportadas\/index.php\/wp-json\/wp\/v2\/pages"}],"about":[{"href":"https:\/\/puertoreal.es\/webs\/edificiosyportadas\/index.php\/wp-json\/wp\/v2\/types\/page"}],"author":[{"embeddable":true,"href":"https:\/\/puertoreal.es\/webs\/edificiosyportadas\/index.php\/wp-json\/wp\/v2\/users\/1"}],"replies":[{"embeddable":true,"href":"https:\/\/puertoreal.es\/webs\/edificiosyportadas\/index.php\/wp-json\/wp\/v2\/comments?post=810"}],"version-history":[{"count":1,"href":"https:\/\/puertoreal.es\/webs\/edificiosyportadas\/index.php\/wp-json\/wp\/v2\/pages\/810\/revisions"}],"predecessor-version":[{"id":811,"href":"https:\/\/puertoreal.es\/webs\/edificiosyportadas\/index.php\/wp-json\/wp\/v2\/pages\/810\/revisions\/811"}],"wp:attachment":[{"href":"https:\/\/puertoreal.es\/webs\/edificiosyportadas\/index.php\/wp-json\/wp\/v2\/media?parent=810"}],"curies":[{"name":"wp","href":"https:\/\/api.w.org\/{rel}","templated":true}]}}